{"id":94,"date":"2018-07-08T14:56:04","date_gmt":"2018-07-08T14:56:04","guid":{"rendered":"http:\/\/espai.dansanatura.com\/?page_id=94"},"modified":"2018-10-28T15:52:57","modified_gmt":"2018-10-28T15:52:57","slug":"programacio-estiu-2018","status":"publish","type":"page","link":"https:\/\/espai.dansanatura.com\/en\/programacio-estiu-2018\/","title":{"rendered":"SUMMER PROGRAMME 2018"},"content":{"rendered":"<p><strong>JULY:<\/strong><\/p>\n<p>21 to 29 &#8211; Artistic residency with Maria Coma.<br \/>\n29 &#8211; <em>Unexpected things happen on Sundays<\/em>: Antartica \u2013 experiences and memories from sixteen seasons spent on the sixth continent. With David Hita.<\/p>\n<p><strong>AUGUST:<\/strong><br \/>\n2 &#8211; Creative dancing &#8211; workshop for children. With Anna Alonso.<br \/>\n5 &#8211; Unexpected things happen on Sundays \u2013 Hang workshop with Ravid Goldschmidt, and continuing in the evening with supper and a Hang concert with Ravid Goldschmidt.<br \/>\n6, 7, 8 \u2013 Workshop: Creative Movement in Nature. With Anna Rubio.<\/p>\n<p>9, 10-\u00a0Workshop with Anna Rubio &#8211; An Introduction to Vertical Dance, using walls and trees as frames for our explorations.<br \/>\n10, 11, 12 \u2013 Workshop &#8211; Yoga and Spontaneous Dancing. With Amaia Lopez.<br \/>\n12 &#8211; More unexpected things for Sunday \u2013 concert ( as yet unprogrammed.)<br \/>\n20, 21, 22 &#8211; Workshop on Vertical Dancing ( middle to advanced level). With Sheila Ferrer ( not yet confirmed).<br \/>\n26 &#8211; Improvised events.<br \/>\nEnd of course concert.<\/p>\n<p><strong>SEPTEMBER:<\/strong><br \/>\n21, 22, 23 &#8211; Retir Yoga Camp. With Liquid Dansa.<br \/>\n24 \u2013 30 &#8211; <a href=\"http:\/\/espai.dansanatura.com\/wp-content\/uploads\/sites\/2\/2018\/07\/BL-Spain-918.pdf\">Workshop_Body Weather,Body Landscape<\/a>. With Frank Van de Ven.<\/p>\n<p><strong>OCTOBER:<\/strong><br \/>\n7, 12, 13 and 14. &#8211; Monumental Trees Cycle.<br \/>\nArtistic interventions around some extraordinary trees of the Natural Park of the High Pyrenees.<br \/>\nWith Anna Rubio and guest artists and speakers.<\/p>\n<p><img loading=\"lazy\" decoding=\"async\" class=\"alignnone size-medium wp-image-35\" src=\"http:\/\/espai.dansanatura.com\/wp-content\/uploads\/sites\/2\/2018\/02\/MAPA-DEF-300x156.png\" alt=\"\" width=\"300\" height=\"156\" srcset=\"https:\/\/espai.dansanatura.com\/wp-content\/uploads\/sites\/2\/2018\/02\/MAPA-DEF-300x156.png 300w, https:\/\/espai.dansanatura.com\/wp-content\/uploads\/sites\/2\/2018\/02\/MAPA-DEF-508x265.png 508w, https:\/\/espai.dansanatura.com\/wp-content\/uploads\/sites\/2\/2018\/02\/MAPA-DEF.png 706w\" sizes=\"auto, (max-width: 300px) 100vw, 300px\" \/><\/p>\n<p><strong><span style=\"text-align: left; color: #333333; text-transform: none; line-height: 24px; text-indent: 0px; letter-spacing: normal; font-family: 'Droid Serif',Georgia,serif; font-size: 16px; font-style: normal; font-variant: normal; text-decoration: none; word-spacing: 0px; display: inline !important; white-space: normal; orphans: 2; float: none; -webkit-text-stroke-width: 0px; background-color: transparent;\">JULIOL<\/span><\/strong><\/p>\n<p><span style=\"display: inline !important; float: none; background-color: transparent; color: #333333; font-family: 'Droid Serif',Georgia,serif; font-size: 16px; font-style: normal; font-variant: normal; font-weight: 400; letter-spacing: normal; line-height: 24px; orphans: 2; text-align: left; text-decoration: none; text-indent: 0px; text-transform: none; -webkit-text-stroke-width: 0px; white-space: normal; word-spacing: 0px;\">20 i 21. Taller <\/span><i><strong><a href=\"http:\/\/espai.dansanatura.com\/wp-content\/uploads\/sites\/2\/2018\/07\/dansa-vertical.pdf\">Iniciaci\u00f3 a la dansa vertical<\/a><\/strong>: Paret i tastet als arbres .<\/i> (6 hores), amb Anna Rubio.<\/p>\n<p>Del 21 al 29. Resid\u00e8ncia art\u00edstica de Maria Coma.<\/p>\n<p><span style=\"color: #800080;\">29<\/span>. <em><span style=\"color: #800080;\">Els diumenges passen coses&#8230;<\/span><\/em> <em>ANT\u00c0RTIDA Experi\u00e8ncies i records. (16 temporades al 6\u00e8 continent)<\/em>. Xerrada i passi de fotos, amb David Hita.<\/p>\n<p><strong>AGOST<\/strong><\/p>\n<p>1. Taller infantil (d&#8217;11 a 13h.), amb Anna Alonso<\/p>\n<p><span style=\"color: #800080;\">5<\/span>.\u00a0<em><strong><a href=\"http:\/\/espai.dansanatura.com\/wp-content\/uploads\/sites\/2\/2018\/07\/info-Ravid.pdf\">Taller de Hang<\/a><\/strong><\/em> (de 16 a 19h.), amb <a href=\"http:\/\/www.ravidgoldschmidt\">Ravid Goldschmidt<\/a><\/p>\n<p><span style=\"display: inline !important; float: none; background-color: transparent; color: #333333; font-family: 'Droid Serif',Georgia,serif; font-size: 16px; font-style: normal; font-variant: normal; font-weight: 400; letter-spacing: normal; line-height: 24px; orphans: 2; text-align: left; text-decoration: none; text-indent: 0px; text-transform: none; -webkit-text-stroke-width: 0px; white-space: normal; word-spacing: 0px;\"><span style=\"color: #800080;\"><span style=\"color: #000000;\">\u00a0<em><span style=\"color: #800080;\">Els diumenges passen coses&#8230;<\/span><\/em> <em>Vetllada de Hang: Sopar i concert <\/em>amb Ravid Goldschmidt<\/span><\/span><\/span><\/p>\n<p>3 i 4. Taller <a href=\"http:\/\/anna.dansanatura.com\/dansa-itinerant-a-alta-muntanya\/\"><strong><i>Dansa Itinerant a Alta Muntanya<\/i><\/strong><\/a>, amb <a href=\"http:\/\/www.anna.dansanatura.com\">Anna Rubio<\/a><\/p>\n<p>6, 7 i 8. Taller<a href=\"http:\/\/anna.dansanatura.com\/taller-1\/\"><strong><i>Movime<\/i><\/strong><strong><i>nt creatiu a la natura<\/i><\/strong><\/a>, amb Anna Rubio<\/p>\n<p>10, 11 i 12. Taller <strong><em><a href=\"http:\/\/espai.dansanatura.com\/wp-content\/uploads\/sites\/2\/2018\/07\/info-Amaia.pdf\">Ioga i dansa improvisaci\u00f3<\/a><\/em><\/strong><em>, a<\/em>mb <a href=\"http:\/\/www.amaialopez.com\">Amaia L\u00f3pez<\/a><\/p>\n<p><span style=\"color: #800080;\">12<em>. Els diumenges passen coses&#8230;\u00a0<\/em><span style=\"color: #000000;\">Concert pendent de confirmar<\/span><\/span><\/p>\n<p>14. Exposici\u00f3 i xerrada <strong><em>Montserrat, escalada i creativitat<\/em><\/strong>, amb David Hita.<\/p>\n<p><span style=\"color: #800080;\"><em>19. Els diumenges passen coses&#8230; <\/em><span style=\"color: #000000;\">Concert pendent de confirmar<\/span><\/span><\/p>\n<p>20, 21 i 23.Taller<strong><i> Dansa Vertical<\/i><\/strong> (nivell mig\/avan\u00e7at), amb Sheila Ferrer. Pendent de confirmar.<\/p>\n<p><em><span style=\"color: #800080;\">26. Els diumenges passen coses&#8230; <\/span><\/em><span style=\"color: #000000;\">Concert de tancament.\u00a0<\/span><\/p>\n<p><strong>SETEMBRE<\/strong><\/p>\n<p>21, 22 i 23. <em>Retir Ioga Camp, <\/em>amb <a href=\"http:\/\/www.liquiddansa.com\">L\u00edquid Dansa<\/a>.<\/p>\n<p>Del 24 al 30. Taller <strong><em><a href=\"http:\/\/espai.dansanatura.com\/wp-content\/uploads\/sites\/2\/2018\/07\/BodyLandscapecatla3.pdf\">Body Weather-Body\/landscape<\/a><\/em><\/strong>, amb Frank van de Ven.<\/p>\n<p><strong>OCTUBRE<\/strong><\/p>\n<p>7, 14, 20 i 21. <strong><em>Cicle d&#8217;Arbres Monumentals<\/em><\/strong>. Intevencions art\u00edstiques a l&#8217;entorn d&#8217;arbres monumentals del Parc Natural de l&#8217;Alt Pirineu, amb Anna Rubio, artistes i oradors\/es convidats\/es.<\/p>\n<p>&nbsp;<\/p>\n<!-- Rendered by FancyBox without labels BEGIN -->\n\n\t<style type=\"text\/css\">\n\t\t\t\t\t#gallery-1 {\n\t\t\t\t\t\tmargin: auto;\n\t\t\t\t\t}\n\t\t\t\t\t#gallery-1 .gallery-item {\n\t\t\t\t\t\tfloat: left;\n\t\t\t\t\t\tmargin-top: 10px;\n\t\t\t\t\t\ttext-align: center;\n\t\t\t\t\t\twidth: 32%;\n\t\t\t\t\t}\n\t\t\t\t\t#gallery-1 img {\n\t\t\t\t\t\tborder: 2px solid #cfcfcf;\n\t\t\t\t\t}\n\t\t\t\t\t#gallery-1 .gallery-caption {\n\t\t\t\t\t\tmargin-left: 0;\n\t\t\t\t\t}\n\t<\/style>\n<script type=\"text\/javascript\">\n$(document).ready(function() {\n\t\/*\n\t *  Simple image gallery. Uses default settings\n\t *\/\n\n\t$(\".fancybox\").fancybox({\n\t\t\"transitionIn\"\t\t: \"none\",\n\t\t\"transitionOut\"\t\t: \"none\",\n\t\t\"titlePosition\" \t: \"over\"\n\n\t});\n});\n<\/script>\n\n\t<div id=\"gallery-1\" class=\"gallery galleryid-1 gallery-size-thumbnail\" style=\"\"><dl class=\"gallery-item\"><dt class=\"gallery-icon\">\n\t\t<a class=\"fancybox\" href=\"https:\/\/espai.dansanatura.com\/wp-content\/uploads\/sites\/2\/2018\/07\/fotoermita-1024x682.jpeg\" rel=\"gallery-1\"><img loading=\"lazy\" decoding=\"async\" width=\"150\" height=\"150\" class=\"attachment-thumbnail\" alt=\"\" src=\"https:\/\/espai.dansanatura.com\/wp-content\/uploads\/sites\/2\/2018\/07\/fotoermita-150x150.jpeg\" \/><\/a><\/dt><\/dl>\n\n<dl class=\"gallery-item\"><dt class=\"gallery-icon\">\n\t\t<a class=\"fancybox\" href=\"https:\/\/espai.dansanatura.com\/wp-content\/uploads\/sites\/2\/2018\/07\/DSC00135w-1024x768.jpg\" rel=\"gallery-1\"><img loading=\"lazy\" decoding=\"async\" width=\"150\" height=\"150\" class=\"attachment-thumbnail\" alt=\"\" src=\"https:\/\/espai.dansanatura.com\/wp-content\/uploads\/sites\/2\/2018\/07\/DSC00135w-150x150.jpg\" \/><\/a><\/dt><\/dl>\n\n<\/div><br clear=\"all\" \/><!-- Rendered by FancyBox without labels END -->\n\n<p>INFO I INSCRIPCIONS:\u00a0 info@dansanatura.com<\/p>","protected":false},"excerpt":{"rendered":"<p>JULY: 21 to 29 &#8211; Artistic residency with Maria Coma. 29 &#8211; Unexpected things happen on Sundays: Antartica \u2013 experiences and memories from sixteen seasons spent on the sixth continent. With David Hita. AUGUST: 2 &#8211; Creative dancing &#8211; workshop for children. With Anna Alonso. 5 &#8211; Unexpected things happen on Sundays \u2013 Hang workshop [&hellip;]<\/p>\n","protected":false},"author":1,"featured_media":92,"parent":0,"menu_order":0,"comment_status":"closed","ping_status":"closed","template":"","meta":{"footnotes":""},"class_list":["post-94","page","type-page","status-publish","has-post-thumbnail","hentry"],"_links":{"self":[{"href":"https:\/\/espai.dansanatura.com\/en\/wp-json\/wp\/v2\/pages\/94","targetHints":{"allow":["GET"]}}],"collection":[{"href":"https:\/\/espai.dansanatura.com\/en\/wp-json\/wp\/v2\/pages"}],"about":[{"href":"https:\/\/espai.dansanatura.com\/en\/wp-json\/wp\/v2\/types\/page"}],"author":[{"embeddable":true,"href":"https:\/\/espai.dansanatura.com\/en\/wp-json\/wp\/v2\/users\/1"}],"replies":[{"embeddable":true,"href":"https:\/\/espai.dansanatura.com\/en\/wp-json\/wp\/v2\/comments?post=94"}],"version-history":[{"count":51,"href":"https:\/\/espai.dansanatura.com\/en\/wp-json\/wp\/v2\/pages\/94\/revisions"}],"predecessor-version":[{"id":233,"href":"https:\/\/espai.dansanatura.com\/en\/wp-json\/wp\/v2\/pages\/94\/revisions\/233"}],"wp:featuredmedia":[{"embeddable":true,"href":"https:\/\/espai.dansanatura.com\/en\/wp-json\/wp\/v2\/media\/92"}],"wp:attachment":[{"href":"https:\/\/espai.dansanatura.com\/en\/wp-json\/wp\/v2\/media?parent=94"}],"curies":[{"name":"wp","href":"https:\/\/api.w.org\/{rel}","templated":true}]}}