{"id":61,"date":"2018-02-18T10:51:46","date_gmt":"2018-02-18T10:51:46","guid":{"rendered":"http:\/\/espai.dansanatura.com\/?page_id=61"},"modified":"2018-10-28T15:26:36","modified_gmt":"2018-10-28T15:26:36","slug":"tallers","status":"publish","type":"page","link":"http:\/\/espai.dansanatura.com\/en\/tallers\/","title":{"rendered":"Workshops"},"content":{"rendered":"<p>Over the Easter holidays we organise workshops in various aspects of the art of movement. These usually last from two to five days. Participants are lodged in guest houses of the village of Burg, and meals are served in our restaurant where, as much as possible, the food is organic, seasonal and of local provenance.<\/p>\n<p>The classes are held both indoors and outdoors so that residents, as well as receiving professional training and eating healthy food, can also enjoy the calm and beauty of the surroundings.<br \/>\nA working stay at EDN is a holistic experience which marries spiritual and physical wellbeing with learning.<\/p>\n<p>Over the last number of years courses at EDN have been given by teachers such as: Celia Colacrai, Anna Rubirola, German Jauregui, Sebasti\u00e1n Garc\u00eda-Ferro, Roser L\u00f3pez Espinosa, Marie Montseny, Natalia Jim\u00e9nez, Antonia Pons i Ulrich Unke, among others.<\/p>\n<p>&nbsp;<\/p>\n<!-- Rendered by FancyBox without labels BEGIN -->\n\n\t<style type=\"text\/css\">\n\t\t\t\t\t#gallery-1 {\n\t\t\t\t\t\tmargin: auto;\n\t\t\t\t\t}\n\t\t\t\t\t#gallery-1 .gallery-item {\n\t\t\t\t\t\tfloat: left;\n\t\t\t\t\t\tmargin-top: 10px;\n\t\t\t\t\t\ttext-align: center;\n\t\t\t\t\t\twidth: 24%;\n\t\t\t\t\t}\n\t\t\t\t\t#gallery-1 img {\n\t\t\t\t\t\tborder: 2px solid #cfcfcf;\n\t\t\t\t\t}\n\t\t\t\t\t#gallery-1 .gallery-caption {\n\t\t\t\t\t\tmargin-left: 0;\n\t\t\t\t\t}\n\t<\/style>\n<script type=\"text\/javascript\">\n$(document).ready(function() {\n\t\/*\n\t *  Simple image gallery. Uses default settings\n\t *\/\n\n\t$(\".fancybox\").fancybox({\n\t\t\"transitionIn\"\t\t: \"none\",\n\t\t\"transitionOut\"\t\t: \"none\",\n\t\t\"titlePosition\" \t: \"over\"\n\n\t});\n});\n<\/script>\n\n\t<div id=\"gallery-1\" class=\"gallery galleryid-1 gallery-size-thumbnail\" style=\"\"><dl class=\"gallery-item\"><dt class=\"gallery-icon\">\n\t\t<a class=\"fancybox\" href=\"http:\/\/espai.dansanatura.com\/wp-content\/uploads\/sites\/2\/2018\/02\/DSC05823-1024x679.jpg\" rel=\"gallery-1\"><img loading=\"lazy\" decoding=\"async\" width=\"150\" height=\"150\" class=\"attachment-thumbnail\" alt=\"\" src=\"http:\/\/espai.dansanatura.com\/wp-content\/uploads\/sites\/2\/2018\/02\/DSC05823-150x150.jpg\" \/><\/a><\/dt><\/dl>\n\n<dl class=\"gallery-item\"><dt class=\"gallery-icon\">\n\t\t<a class=\"fancybox\" href=\"http:\/\/espai.dansanatura.com\/wp-content\/uploads\/sites\/2\/2018\/02\/DSC05905.jpg\" rel=\"gallery-1\"><img loading=\"lazy\" decoding=\"async\" width=\"150\" height=\"150\" class=\"attachment-thumbnail\" alt=\"\" src=\"http:\/\/espai.dansanatura.com\/wp-content\/uploads\/sites\/2\/2018\/02\/DSC05905-150x150.jpg\" \/><\/a><\/dt><\/dl>\n\n<dl class=\"gallery-item\"><dt class=\"gallery-icon\">\n\t\t<a class=\"fancybox\" href=\"http:\/\/espai.dansanatura.com\/wp-content\/uploads\/sites\/2\/2018\/02\/CIMG3830-1024x768.jpg\" rel=\"gallery-1\"><img loading=\"lazy\" decoding=\"async\" width=\"150\" height=\"150\" class=\"attachment-thumbnail\" alt=\"\" src=\"http:\/\/espai.dansanatura.com\/wp-content\/uploads\/sites\/2\/2018\/02\/CIMG3830-150x150.jpg\" \/><\/a><\/dt><\/dl>\n\n<dl class=\"gallery-item\"><dt class=\"gallery-icon\">\n\t\t<a class=\"fancybox\" href=\"http:\/\/espai.dansanatura.com\/wp-content\/uploads\/sites\/2\/2018\/02\/DSC03831.jpg\" rel=\"gallery-1\"><img loading=\"lazy\" decoding=\"async\" width=\"150\" height=\"150\" class=\"attachment-thumbnail\" alt=\"\" src=\"http:\/\/espai.dansanatura.com\/wp-content\/uploads\/sites\/2\/2018\/02\/DSC03831-150x150.jpg\" \/><\/a><\/dt><\/dl>\n\n<\/div><br clear=\"all\" \/><!-- Rendered by FancyBox without labels END -->\n\n<p>&nbsp;<\/p>","protected":false},"excerpt":{"rendered":"<p>Over the Easter holidays we organise workshops in various aspects of the art of movement. These usually last from two to five days. Participants are lodged in guest houses of the village of Burg, and meals are served in our restaurant where, as much as possible, the food is organic, seasonal and of local provenance. [&hellip;]<\/p>\n","protected":false},"author":1,"featured_media":66,"parent":0,"menu_order":0,"comment_status":"closed","ping_status":"closed","template":"","meta":{"footnotes":""},"class_list":["post-61","page","type-page","status-publish","has-post-thumbnail","hentry"],"_links":{"self":[{"href":"http:\/\/espai.dansanatura.com\/en\/wp-json\/wp\/v2\/pages\/61","targetHints":{"allow":["GET"]}}],"collection":[{"href":"http:\/\/espai.dansanatura.com\/en\/wp-json\/wp\/v2\/pages"}],"about":[{"href":"http:\/\/espai.dansanatura.com\/en\/wp-json\/wp\/v2\/types\/page"}],"author":[{"embeddable":true,"href":"http:\/\/espai.dansanatura.com\/en\/wp-json\/wp\/v2\/users\/1"}],"replies":[{"embeddable":true,"href":"http:\/\/espai.dansanatura.com\/en\/wp-json\/wp\/v2\/comments?post=61"}],"version-history":[{"count":8,"href":"http:\/\/espai.dansanatura.com\/en\/wp-json\/wp\/v2\/pages\/61\/revisions"}],"predecessor-version":[{"id":218,"href":"http:\/\/espai.dansanatura.com\/en\/wp-json\/wp\/v2\/pages\/61\/revisions\/218"}],"wp:featuredmedia":[{"embeddable":true,"href":"http:\/\/espai.dansanatura.com\/en\/wp-json\/wp\/v2\/media\/66"}],"wp:attachment":[{"href":"http:\/\/espai.dansanatura.com\/en\/wp-json\/wp\/v2\/media?parent=61"}],"curies":[{"name":"wp","href":"https:\/\/api.w.org\/{rel}","templated":true}]}}