{"id":23,"date":"2018-02-14T16:24:30","date_gmt":"2018-02-14T16:24:30","guid":{"rendered":"http:\/\/espai.dansanatura.com\/?page_id=23"},"modified":"2018-07-23T15:37:13","modified_gmt":"2018-07-23T15:37:13","slug":"taller-setmana-santa","status":"publish","type":"page","link":"http:\/\/espai.dansanatura.com\/en\/taller-setmana-santa\/","title":{"rendered":"Easter Workshop 2018"},"content":{"rendered":"<p><a href=\"http:\/\/espai.dansanatura.com\/wp-content\/uploads\/sites\/2\/2018\/02\/english-mail2.pdf\">INFO ENGLISH<\/a><\/p>\n<p><a href=\"https:\/\/goo.gl\/forms\/q8dYBC2Sopphiyqw2\">PROGRAMA I INSCRIPCI\u00d3<\/a><\/p>\n<p><a href=\"https:\/\/www.facebook.com\/events\/817170248490929\/\">DISSABTE 31 A LES 22.30H. CONCERT \u00daNIC DE MARIA COMA<\/a><\/p>\n<p><strong><span style=\"text-align: left; color: #333333; text-transform: none; text-indent: 0px; letter-spacing: normal; font-family: 'Droid Serif',Georgia,serif; font-size: 16px; font-style: normal; font-variant: normal; text-decoration: none; word-spacing: 0px; display: inline !important; white-space: normal; cursor: text; orphans: 2; float: none; -webkit-text-stroke-width: 0px; background-color: transparent;\">RECULL FOTOGR\u00c0FIC DEL TALLER<\/span><\/strong><\/p>\n<p><img loading=\"lazy\" decoding=\"async\" class=\"alignnone size-medium wp-image-79\" src=\"http:\/\/espai.dansanatura.com\/wp-content\/uploads\/sites\/2\/2018\/03\/Maria-Coma-Irene-Moray-BurgConcert-300x199.jpg\" alt=\"\" width=\"300\" height=\"199\" srcset=\"http:\/\/espai.dansanatura.com\/wp-content\/uploads\/sites\/2\/2018\/03\/Maria-Coma-Irene-Moray-BurgConcert-300x199.jpg 300w, http:\/\/espai.dansanatura.com\/wp-content\/uploads\/sites\/2\/2018\/03\/Maria-Coma-Irene-Moray-BurgConcert-508x338.jpg 508w, http:\/\/espai.dansanatura.com\/wp-content\/uploads\/sites\/2\/2018\/03\/Maria-Coma-Irene-Moray-BurgConcert.jpg 751w\" sizes=\"auto, (max-width: 300px) 100vw, 300px\" \/><\/p>\n<p>&nbsp;<\/p>\n<p>&nbsp;<\/p>\n<p>&nbsp;<\/p>\n<p>&nbsp;<\/p>\n<p><!-- Rendered by FancyBox without labels BEGIN -->\n\n\t<style type=\"text\/css\">\n\t\t\t\t\t#gallery-1 {\n\t\t\t\t\t\tmargin: auto;\n\t\t\t\t\t}\n\t\t\t\t\t#gallery-1 .gallery-item {\n\t\t\t\t\t\tfloat: left;\n\t\t\t\t\t\tmargin-top: 10px;\n\t\t\t\t\t\ttext-align: center;\n\t\t\t\t\t\twidth: 32%;\n\t\t\t\t\t}\n\t\t\t\t\t#gallery-1 img {\n\t\t\t\t\t\tborder: 2px solid #cfcfcf;\n\t\t\t\t\t}\n\t\t\t\t\t#gallery-1 .gallery-caption {\n\t\t\t\t\t\tmargin-left: 0;\n\t\t\t\t\t}\n\t<\/style>\n<script type=\"text\/javascript\">\n$(document).ready(function() {\n\t\/*\n\t *  Simple image gallery. Uses default settings\n\t *\/\n\n\t$(\".fancybox\").fancybox({\n\t\t\"transitionIn\"\t\t: \"none\",\n\t\t\"transitionOut\"\t\t: \"none\",\n\t\t\"titlePosition\" \t: \"over\"\n\n\t});\n});\n<\/script>\n\n\t<div id=\"gallery-1\" class=\"gallery galleryid-1 gallery-size-thumbnail\" style=\"\"><dl class=\"gallery-item\"><dt class=\"gallery-icon\">\n\t\t<a class=\"fancybox\" href=\"http:\/\/espai.dansanatura.com\/wp-content\/uploads\/sites\/2\/2018\/07\/20180401_184106w-1024x576.jpg\" rel=\"gallery-1\"><img loading=\"lazy\" decoding=\"async\" width=\"150\" height=\"150\" class=\"attachment-thumbnail\" alt=\"\" src=\"http:\/\/espai.dansanatura.com\/wp-content\/uploads\/sites\/2\/2018\/07\/20180401_184106w-150x150.jpg\" \/><\/a><\/dt><\/dl>\n\n<dl class=\"gallery-item\"><dt class=\"gallery-icon\">\n\t\t<a class=\"fancybox\" href=\"http:\/\/espai.dansanatura.com\/wp-content\/uploads\/sites\/2\/2018\/07\/20180401_184149w-1024x576.jpg\" rel=\"gallery-1\"><img loading=\"lazy\" decoding=\"async\" width=\"150\" height=\"150\" class=\"attachment-thumbnail\" alt=\"\" src=\"http:\/\/espai.dansanatura.com\/wp-content\/uploads\/sites\/2\/2018\/07\/20180401_184149w-150x150.jpg\" \/><\/a><\/dt><\/dl>\n\n<dl class=\"gallery-item\"><dt class=\"gallery-icon\">\n\t\t<a class=\"fancybox\" href=\"http:\/\/espai.dansanatura.com\/wp-content\/uploads\/sites\/2\/2018\/07\/20180401_184208w-1024x576.jpg\" rel=\"gallery-1\"><img loading=\"lazy\" decoding=\"async\" width=\"150\" height=\"150\" class=\"attachment-thumbnail\" alt=\"\" src=\"http:\/\/espai.dansanatura.com\/wp-content\/uploads\/sites\/2\/2018\/07\/20180401_184208w-150x150.jpg\" \/><\/a><\/dt><\/dl>\n\n<dl class=\"gallery-item\"><dt class=\"gallery-icon\">\n\t\t<a class=\"fancybox\" href=\"http:\/\/espai.dansanatura.com\/wp-content\/uploads\/sites\/2\/2018\/07\/DSC00133w-1024x768.jpg\" rel=\"gallery-1\"><img loading=\"lazy\" decoding=\"async\" width=\"150\" height=\"150\" class=\"attachment-thumbnail\" alt=\"\" src=\"http:\/\/espai.dansanatura.com\/wp-content\/uploads\/sites\/2\/2018\/07\/DSC00133w-150x150.jpg\" \/><\/a><\/dt><\/dl>\n\n<dl class=\"gallery-item\"><dt class=\"gallery-icon\">\n\t\t<a class=\"fancybox\" href=\"http:\/\/espai.dansanatura.com\/wp-content\/uploads\/sites\/2\/2018\/07\/DSC00135w-1024x768.jpg\" rel=\"gallery-1\"><img loading=\"lazy\" decoding=\"async\" width=\"150\" height=\"150\" class=\"attachment-thumbnail\" alt=\"\" src=\"http:\/\/espai.dansanatura.com\/wp-content\/uploads\/sites\/2\/2018\/07\/DSC00135w-150x150.jpg\" \/><\/a><\/dt><\/dl>\n\n<dl class=\"gallery-item\"><dt class=\"gallery-icon\">\n\t\t<a class=\"fancybox\" href=\"http:\/\/espai.dansanatura.com\/wp-content\/uploads\/sites\/2\/2018\/07\/DSC00158w-1024x768.jpg\" rel=\"gallery-1\"><img loading=\"lazy\" decoding=\"async\" width=\"150\" height=\"150\" class=\"attachment-thumbnail\" alt=\"\" src=\"http:\/\/espai.dansanatura.com\/wp-content\/uploads\/sites\/2\/2018\/07\/DSC00158w-150x150.jpg\" \/><\/a><\/dt><\/dl>\n\n<dl class=\"gallery-item\"><dt class=\"gallery-icon\">\n\t\t<a class=\"fancybox\" href=\"http:\/\/espai.dansanatura.com\/wp-content\/uploads\/sites\/2\/2018\/07\/DSC00159w-1024x768.jpg\" rel=\"gallery-1\"><img loading=\"lazy\" decoding=\"async\" width=\"150\" height=\"150\" class=\"attachment-thumbnail\" alt=\"\" src=\"http:\/\/espai.dansanatura.com\/wp-content\/uploads\/sites\/2\/2018\/07\/DSC00159w-150x150.jpg\" \/><\/a><\/dt><\/dl>\n\n<dl class=\"gallery-item\"><dt class=\"gallery-icon\">\n\t\t<a class=\"fancybox\" href=\"http:\/\/espai.dansanatura.com\/wp-content\/uploads\/sites\/2\/2018\/07\/DSC00216w-1024x768.jpg\" rel=\"gallery-1\"><img loading=\"lazy\" decoding=\"async\" width=\"150\" height=\"150\" class=\"attachment-thumbnail\" alt=\"\" src=\"http:\/\/espai.dansanatura.com\/wp-content\/uploads\/sites\/2\/2018\/07\/DSC00216w-150x150.jpg\" \/><\/a><\/dt><\/dl>\n\n<dl class=\"gallery-item\"><dt class=\"gallery-icon\">\n\t\t<a class=\"fancybox\" href=\"http:\/\/espai.dansanatura.com\/wp-content\/uploads\/sites\/2\/2018\/07\/IMG-20180402-WA0001-1024x615.jpg\" rel=\"gallery-1\"><img loading=\"lazy\" decoding=\"async\" width=\"150\" height=\"150\" class=\"attachment-thumbnail\" alt=\"\" src=\"http:\/\/espai.dansanatura.com\/wp-content\/uploads\/sites\/2\/2018\/07\/IMG-20180402-WA0001-150x150.jpg\" \/><\/a><\/dt><\/dl>\n\n<dl class=\"gallery-item\"><dt class=\"gallery-icon\">\n\t\t<a class=\"fancybox\" href=\"http:\/\/espai.dansanatura.com\/wp-content\/uploads\/sites\/2\/2018\/07\/IMG-20180402-WA0003-1024x726.jpg\" rel=\"gallery-1\"><img loading=\"lazy\" decoding=\"async\" width=\"150\" height=\"150\" class=\"attachment-thumbnail\" alt=\"\" src=\"http:\/\/espai.dansanatura.com\/wp-content\/uploads\/sites\/2\/2018\/07\/IMG-20180402-WA0003-150x150.jpg\" \/><\/a><\/dt><\/dl>\n\n<dl class=\"gallery-item\"><dt class=\"gallery-icon\">\n\t\t<a class=\"fancybox\" href=\"http:\/\/espai.dansanatura.com\/wp-content\/uploads\/sites\/2\/2018\/07\/20180401_183958w-1024x576.jpg\" rel=\"gallery-1\"><img loading=\"lazy\" decoding=\"async\" width=\"150\" height=\"150\" class=\"attachment-thumbnail\" alt=\"\" src=\"http:\/\/espai.dansanatura.com\/wp-content\/uploads\/sites\/2\/2018\/07\/20180401_183958w-150x150.jpg\" \/><\/a><\/dt><\/dl>\n\n<\/div><br clear=\"all\" \/><!-- Rendered by FancyBox without labels END -->\n<\/p>","protected":false},"excerpt":{"rendered":"<p>INFO ENGLISH PROGRAMA I INSCRIPCI\u00d3 DISSABTE 31 A LES 22.30H. CONCERT \u00daNIC DE MARIA COMA RECULL FOTOGR\u00c0FIC DEL TALLER &nbsp; &nbsp; &nbsp; &nbsp;<\/p>\n","protected":false},"author":1,"featured_media":28,"parent":0,"menu_order":0,"comment_status":"closed","ping_status":"closed","template":"","meta":{"footnotes":""},"class_list":["post-23","page","type-page","status-publish","has-post-thumbnail","hentry"],"_links":{"self":[{"href":"http:\/\/espai.dansanatura.com\/en\/wp-json\/wp\/v2\/pages\/23","targetHints":{"allow":["GET"]}}],"collection":[{"href":"http:\/\/espai.dansanatura.com\/en\/wp-json\/wp\/v2\/pages"}],"about":[{"href":"http:\/\/espai.dansanatura.com\/en\/wp-json\/wp\/v2\/types\/page"}],"author":[{"embeddable":true,"href":"http:\/\/espai.dansanatura.com\/en\/wp-json\/wp\/v2\/users\/1"}],"replies":[{"embeddable":true,"href":"http:\/\/espai.dansanatura.com\/en\/wp-json\/wp\/v2\/comments?post=23"}],"version-history":[{"count":12,"href":"http:\/\/espai.dansanatura.com\/en\/wp-json\/wp\/v2\/pages\/23\/revisions"}],"predecessor-version":[{"id":195,"href":"http:\/\/espai.dansanatura.com\/en\/wp-json\/wp\/v2\/pages\/23\/revisions\/195"}],"wp:featuredmedia":[{"embeddable":true,"href":"http:\/\/espai.dansanatura.com\/en\/wp-json\/wp\/v2\/media\/28"}],"wp:attachment":[{"href":"http:\/\/espai.dansanatura.com\/en\/wp-json\/wp\/v2\/media?parent=23"}],"curies":[{"name":"wp","href":"https:\/\/api.w.org\/{rel}","templated":true}]}}