{"id":126,"date":"2018-07-10T18:26:13","date_gmt":"2018-07-10T18:26:13","guid":{"rendered":"http:\/\/espai.dansanatura.com\/?page_id=126"},"modified":"2019-08-02T22:00:48","modified_gmt":"2019-08-02T22:00:48","slug":"la-cuina-de-lespai","status":"publish","type":"page","link":"http:\/\/espai.dansanatura.com\/en\/la-cuina-de-lespai\/","title":{"rendered":"Cuina"},"content":{"rendered":"<p>Les persones assistents als nostres tallers gaudiran d&#8217;una cuina cuidada, en la mesura del possible local i ecol\u00f2gica.<\/p>\n<p>Els <strong>dos darrers caps de setmana de juliol i del 1 al 26 d&#8217;agost<\/strong> la cuina i la nostra terrassa estar\u00e0 oberta a tothom que vulgui visitar-nos. Plats senzills per\u00f2 realitzats amb cura, torrades, pica-pica o un beure a la nostra terrassa \u00e9s una experi\u00e8ncia del tot recomanable!<\/p>\n<p>El Feliu, l&#8217;Anna Alonso i l&#8217;Anna Rubio us atendrem amb molt de gust.<\/p>\n<h6>+info i reserves al tel\u00e8fon 675608431<\/h6>\n<p><\/p>","protected":false},"excerpt":{"rendered":"<p>Les persones assistents als nostres tallers gaudiran d&#8217;una cuina cuidada, en la mesura del possible local i ecol\u00f2gica. Els dos darrers caps de setmana de juliol i del 1 al 26 d&#8217;agost la cuina i la nostra terrassa estar\u00e0 oberta a tothom que vulgui visitar-nos. Plats senzills per\u00f2 realitzats amb cura, torrades, pica-pica o un [&hellip;]<\/p>\n","protected":false},"author":1,"featured_media":137,"parent":0,"menu_order":0,"comment_status":"closed","ping_status":"closed","template":"","meta":{"footnotes":""},"class_list":["post-126","page","type-page","status-publish","has-post-thumbnail","hentry"],"_links":{"self":[{"href":"http:\/\/espai.dansanatura.com\/en\/wp-json\/wp\/v2\/pages\/126","targetHints":{"allow":["GET"]}}],"collection":[{"href":"http:\/\/espai.dansanatura.com\/en\/wp-json\/wp\/v2\/pages"}],"about":[{"href":"http:\/\/espai.dansanatura.com\/en\/wp-json\/wp\/v2\/types\/page"}],"author":[{"embeddable":true,"href":"http:\/\/espai.dansanatura.com\/en\/wp-json\/wp\/v2\/users\/1"}],"replies":[{"embeddable":true,"href":"http:\/\/espai.dansanatura.com\/en\/wp-json\/wp\/v2\/comments?post=126"}],"version-history":[{"count":8,"href":"http:\/\/espai.dansanatura.com\/en\/wp-json\/wp\/v2\/pages\/126\/revisions"}],"predecessor-version":[{"id":298,"href":"http:\/\/espai.dansanatura.com\/en\/wp-json\/wp\/v2\/pages\/126\/revisions\/298"}],"wp:featuredmedia":[{"embeddable":true,"href":"http:\/\/espai.dansanatura.com\/en\/wp-json\/wp\/v2\/media\/137"}],"wp:attachment":[{"href":"http:\/\/espai.dansanatura.com\/en\/wp-json\/wp\/v2\/media?parent=126"}],"curies":[{"name":"wp","href":"https:\/\/api.w.org\/{rel}","templated":true}]}}